{"id":395,"date":"2025-07-23T18:51:27","date_gmt":"2025-07-23T16:51:27","guid":{"rendered":"https:\/\/www.domosdesign.com\/?page_id=395"},"modified":"2026-03-12T11:27:51","modified_gmt":"2026-03-12T10:27:51","slug":"prodotti-di-serie","status":"publish","type":"page","link":"https:\/\/www.domosdesign.com\/it\/prodotti-di-serie\/","title":{"rendered":"Collezioni"},"content":{"rendered":"<h1>Le nostre collezioni:<br \/>\u00a0i classici, su misura<\/h1>\n<p><p>\n        <a href=\"#footer\">Contattaci<\/a>\n    <\/p>\n<\/p>\n<p><img decoding=\"async\" src=\"\/wp-content\/uploads\/intro-standard.jpg\" alt=\"\"><\/p>\n<h2>Forme essenziali, infinite possibilit\u00e0<\/h2>\n<div>\n<p>Ogni progetto, anche il pi\u00f9 ambizioso, parte da elementi semplici.<br \/>Lastre, marmette, mosaici, scale, piani cucina: <br \/>sono i moduli compositivi da cui prende forma l\u2019architettura, il design, la visione.<br \/>Ma c\u2019\u00e8 modo e modo di realizzarli.<\/p>\n<\/div>\n<div>\n<p>Parliamo di Collezioni perch\u00e9 il nostro laboratorio opera con un approccio sartoriale. Ogni elemento che Domos realizza \u00e8 pensato per rispondere alle esigenze reali di chi progetta: funzionalit\u00e0, durabilit\u00e0, estetica, compatibilit\u00e0 con i materiali scelti e coerenza con il concept generale.<\/p>\n<\/div>\n<div>\n<p>Lavoriamo ogni pezzo con la stessa cura che dedichiamo alle grandi opere su misura.<br \/>Ogni superficie \u00e8 calibrata sulle caratteristiche della pietra naturale selezionata, sulle esigenze di posa, sul contesto applicativo. Ogni finitura viene scelta, insieme a te, per armonizzarsi con gli spazi e valorizzarli.<\/p>\n<\/div>\n<div>\n<p>Dalle forniture pi\u00f9 classiche a quelle pi\u00f9 contemporanee, <strong>le nostre collezioni sono disponibili in numerose combinazioni di materiali, formati e spessori, con tutte le finiture che possiamo realizzare in laboratorio: lucida, levigata, satinata, sabbiata, graffiata, bocciardata, fiammata o a spacco naturale.<\/strong><\/p>\n<p>A queste si affiancano le nostre texture: <strong>lavorazioni superficiali che trasformano la pietra in una vera e propria pelle architettonica,<\/strong> capace di suggerire atmosfere, giochi di luce, percezioni tattili sempre diverse. Alcune di queste texture assumono una tridimensionalit\u00e0 marcata, grazie a lavorazioni pi\u00f9 profonde che modellano la superficie in onde, linee, incavi o rilievi geometrici. Effetti scultorei che uniscono ricerca estetica e maestria artigianale, ampliando le possibilit\u00e0 espressive della materia.<\/p>\n<\/div>\n<div>\n<p>Quando la materia \u00e8 al centro, anche la semplicit\u00e0 sa diventare straordinaria.<\/p>\n<\/div>\n<hr>\n<ul>\n<li>\n<p>        <img decoding=\"async\" src=\"\/wp-content\/uploads\/lastre.jpg\" alt=\"\"><\/p>\n<h3>Lastre in marmo<\/h3>\n<div>\n<p><span style=\"font-weight: 400;\">La forma pi\u00f9 pura della pietra naturale.<\/span><\/p>\n<\/div>\n<p><a href=\"\/lastre-in-marmo\/\"><\/a><\/p>\n<\/li>\n<li>\n<p>        <img decoding=\"async\" src=\"\/wp-content\/uploads\/marmette.jpg\" alt=\"\"><\/p>\n<h3>Marmette da 10mm in marmo<\/h3>\n<div>\n<p>Moduli precisi utili per qualsiasi progetto.<\/p>\n<\/div>\n<p><a href=\"\/marmette\/\"><\/a><\/p>\n<\/li>\n<li>\n<p>        <img decoding=\"async\" src=\"\/wp-content\/uploads\/mosaico.jpg\" alt=\"\"><\/p>\n<h3>Mosaici su rete in marmo<\/h3>\n<div>\n<p>Elementi decorativi, assemblati a mano, in Italia, dai nostri artigiani.<\/p>\n<\/div>\n<p><a href=\"\/mosaici\/\"><\/a><\/p>\n<\/li>\n<li>\n<p>        <img decoding=\"async\" src=\"\/wp-content\/uploads\/scale.jpg\" alt=\"\"><\/p>\n<h3>Scale, pavimenti e rivestimenti in marmo<\/h3>\n<div>\n<p>Superfici che parlano e trasmettono la forza della natura in grandi e piccoli spazi.<\/p>\n<\/div>\n<p><a href=\"\/scale-pavimenti-e-rivestimenti-in-marmo\/\"><\/a><\/p>\n<\/li>\n<li>\n<p>        <img decoding=\"async\" src=\"\/wp-content\/uploads\/top.jpg\" alt=\"\"><\/p>\n<h3>Banconi e piani cucina in marmo<\/h3>\n<div>\n<p>Eleganza senza tempo per una dichiarazione di stile chiara.<\/p>\n<\/div>\n<p><a href=\"\/banconi-e-piani-cucina-in-marmo\/\"><\/a><\/p>\n<\/li>\n<li>\n<p>        <img decoding=\"async\" src=\"\/wp-content\/uploads\/zoccolino.jpg\" alt=\"\"><\/p>\n<h3>Zoccolini, bordure, davanzali e soglie in marmo<\/h3>\n<div>\n<p>Elementi di completamento, curati e rifiniti in perfetta armonia con l\u2019intero progetto.<\/p>\n<\/div>\n<p><a href=\"\/zoccolini-bordure-davanzali-e-soglie-in-marmo\/\"><\/a><\/p>\n<\/li>\n<li>\n<p>        <img decoding=\"async\" src=\"\/wp-content\/uploads\/night-day.jpg\" alt=\"\"><\/p>\n<h3>Lampade di design in marmo <\/h3>\n<div>\n<p>Luce e pietra si fondono per dare forma a nuove emozioni.<\/p>\n<\/div>\n<p><a href=\"\/lampade-in-marmo\/\"><\/a><\/p>\n<\/li>\n<li>\n<p>        <img decoding=\"async\" src=\"\/wp-content\/uploads\/superfici-1.jpg\" alt=\"\"><\/p>\n<h3>Texture superfici <\/h3>\n<div>\n<p>Superfici scolpite che trasformano la materia in esperienza.<\/p>\n<\/div>\n<p><a href=\"\/superfici-scolpite\/\"><\/a><\/p>\n<\/li>\n<li>\n<p>        <img decoding=\"async\" src=\"\/wp-content\/uploads\/wood-stone-intro.jpg\" alt=\"\"><\/p>\n<h3>Pavimentazioni Wood Stone Collection <\/h3>\n<div>\n<p>Superfici sartoriali in legno e marmo: dove la memoria della natura incontra il design<\/p>\n<\/div>\n<p><a href=\"\/it\/wood-stone-collection\/\"><\/a><\/p>\n<\/li>\n<\/ul>\n<p><!--more--><br \/>\n<!-- {\"type\":\"layout\",\"children\":[{\"name\":\"Hero\",\"type\":\"section\",\"props\":{\"animation\":\"fade\",\"animation_delay\":\"100\",\"image_position\":\"center-center\",\"padding_bottom\":\"large\",\"padding_top\":\"none\",\"style\":\"default\",\"title_breakpoint\":\"xl\",\"title_position\":\"top-left\",\"title_rotation\":\"left\",\"vertical_align\":\"\",\"width\":\"expand\",\"width_expand\":\"right\"},\"children\":[{\"type\":\"row\",\"children\":[{\"type\":\"column\",\"props\":{\"css\":\"@media (min-width: 960px) {\\n    .el-column .uk-tile { padding-left: 0; }\\n}\",\"image_position\":\"center-center\",\"padding\":\"small\",\"position_sticky_breakpoint\":\"m\",\"style\":\"tile-default\",\"vertical_align\":\"middle\",\"width_medium\":\"1-3\"},\"children\":[{\"type\":\"headline\",\"props\":{\"content\":\"Le nostre collezioni:<br \/>\u00a0i classici, su misura\",\"image_align\":\"left\",\"image_margin\":\"xsmall\",\"margin_bottom\":\"remove\",\"margin_top\":\"remove\",\"maxwidth\":\"large\",\"maxwidth_breakpoint\":\"m\",\"text_align\":\"left\",\"text_align_breakpoint\":\"m\",\"text_align_fallback\":\"center\",\"title_element\":\"h1\"}},{\"type\":\"button\",\"props\":{\"grid_column_gap\":\"small\",\"grid_row_gap\":\"small\",\"margin_bottom\":\"large\",\"margin_top\":\"large\",\"text_align\":\"left\",\"text_align_breakpoint\":\"s\",\"text_align_fallback\":\"center\"},\"children\":[{\"type\":\"button_item\",\"props\":{\"button_style\":\"primary\",\"content\":\"Contattaci\",\"dialog_layout\":\"modal\",\"dialog_offcanvas_flip\":true,\"icon\":\"comment\",\"icon_align\":\"left\",\"link\":\"#footer\"}}],\"name\":\"Contattaci\"}]},{\"type\":\"column\",\"props\":{\"image_position\":\"center-center\",\"position_sticky_breakpoint\":\"m\",\"width_medium\":\"2-3\"},\"children\":[{\"type\":\"image\",\"props\":{\"animation\":\"slide-right\",\"container_padding_remove\":true,\"css\":\"@media (max-width: 959px) {\\n    \\n    .el-element.uk-container-item-padding-remove-right {\\n        width: 100%;\\n        margin-right: 0;\\n    }\\n    \\n}\",\"image\":\"wp-content\/uploads\/intro-standard.jpg\",\"image_loading\":true,\"image_svg_color\":\"emphasis\",\"image_width\":\"1300\",\"margin_bottom\":\"default\",\"margin_top\":\"remove\",\"position\":\"relative\",\"position_z_index\":\"1\",\"text_align\":\"right\"}}]}],\"props\":{\"column_gap\":\"collapse\",\"layout\":\"1-3,2-3\",\"row_gap\":\"collapse\",\"width\":\"large\",\"width_expand\":\"right\"}}]},{\"type\":\"section\",\"props\":{\"animation\":\"fade\",\"animation_delay\":\"100\",\"image_position\":\"center-center\",\"padding_bottom\":\"large\",\"padding_top\":\"none\",\"style\":\"default\",\"title_breakpoint\":\"xl\",\"title_position\":\"top-left\",\"title_rotation\":\"left\",\"vertical_align\":\"\",\"width\":\"\"},\"children\":[{\"type\":\"row\",\"children\":[{\"type\":\"column\",\"props\":{\"image_position\":\"center-center\",\"position_sticky_breakpoint\":\"m\"},\"children\":[{\"type\":\"headline\",\"props\":{\"block_align\":\"center\",\"content\":\"Forme essenziali, infinite possibilit\u00e0\",\"image_align\":\"left\",\"image_margin\":\"xsmall\",\"margin_bottom\":\"remove\",\"margin_top\":\"remove\",\"maxwidth\":\"large\",\"text_align\":\"center\",\"text_align_fallback\":\"center\",\"title_element\":\"h2\"}},{\"type\":\"text\",\"props\":{\"block_align\":\"center\",\"column_breakpoint\":\"m\",\"content\":\"\n\n<p>Ogni progetto, anche il pi\u00f9 ambizioso, parte da elementi semplici.<br \/>Lastre, marmette, mosaici, scale, piani cucina: <br \/>sono i moduli compositivi da cui prende forma l\u2019architettura, il design, la visione.<br \/>Ma c\u2019\u00e8 modo e modo di realizzarli.<\/p>\n\n\",\"margin_bottom\":\"medium\",\"margin_top\":\"medium\",\"maxwidth\":\"2xlarge\",\"text_align\":\"center\"}}]}],\"props\":{\"margin_bottom\":\"remove\",\"margin_top\":\"remove\",\"width\":\"large\"}},{\"type\":\"row\",\"children\":[{\"type\":\"column\",\"props\":{\"image_position\":\"center-center\",\"position_sticky_breakpoint\":\"m\",\"width_medium\":\"1-2\"},\"children\":[{\"type\":\"text\",\"props\":{\"column_breakpoint\":\"m\",\"content\":\"\n\n<p>Parliamo di Collezioni perch\u00e9 il nostro laboratorio opera con un approccio sartoriale. Ogni elemento che Domos realizza \u00e8 pensato per rispondere alle esigenze reali di chi progetta: funzionalit\u00e0, durabilit\u00e0, estetica, compatibilit\u00e0 con i materiali scelti e coerenza con il concept generale.<\/p>\n\n\",\"margin_bottom\":\"default\",\"margin_top\":\"default\",\"text_style\":\"lead\"}}]},{\"type\":\"column\",\"props\":{\"image_position\":\"center-center\",\"position_sticky_breakpoint\":\"m\",\"width_medium\":\"1-2\"},\"children\":[{\"type\":\"text\",\"props\":{\"column_breakpoint\":\"m\",\"content\":\"\n\n<p>Lavoriamo ogni pezzo con la stessa cura che dedichiamo alle grandi opere su misura.<br \/>Ogni superficie \u00e8 calibrata sulle caratteristiche della pietra naturale selezionata, sulle esigenze di posa, sul contesto applicativo. Ogni finitura viene scelta, insieme a te, per armonizzarsi con gli spazi e valorizzarli.<\/p>\n\n\",\"margin_bottom\":\"default\",\"margin_top\":\"default\",\"text_style\":\"lead\"}}]}],\"props\":{\"column_gap\":\"large\",\"layout\":\"1-2,1-2\",\"row_gap\":\"large\",\"width\":\"default\"}},{\"type\":\"row\",\"children\":[{\"type\":\"column\",\"props\":{\"image_position\":\"center-center\",\"position_sticky_breakpoint\":\"m\"},\"children\":[{\"type\":\"text\",\"props\":{\"block_align\":\"center\",\"column_breakpoint\":\"m\",\"content\":\"\n\n<p>Dalle forniture pi\u00f9 classiche a quelle pi\u00f9 contemporanee, <strong>le nostre collezioni sono disponibili in numerose combinazioni di materiali, formati e spessori, con tutte le finiture che possiamo realizzare in laboratorio: lucida, levigata, satinata, sabbiata, graffiata, bocciardata, fiammata o a spacco naturale.<\/strong><\/p>\n\n\\n\n\n<p>A queste si affiancano le nostre texture: <strong>lavorazioni superficiali che trasformano la pietra in una vera e propria pelle architettonica,<\/strong> capace di suggerire atmosfere, giochi di luce, percezioni tattili sempre diverse. Alcune di queste texture assumono una tridimensionalit\u00e0 marcata, grazie a lavorazioni pi\u00f9 profonde che modellano la superficie in onde, linee, incavi o rilievi geometrici. Effetti scultorei che uniscono ricerca estetica e maestria artigianale, ampliando le possibilit\u00e0 espressive della materia.<\/p>\n\n\",\"margin_bottom\":\"medium\",\"margin_top\":\"medium\",\"maxwidth\":\"2xlarge\",\"text_align\":\"center\"}},{\"type\":\"text\",\"props\":{\"block_align\":\"center\",\"column_breakpoint\":\"m\",\"content\":\"\n\n<p>Quando la materia \u00e8 al centro, anche la semplicit\u00e0 sa diventare straordinaria.<\/p>\n\n\",\"margin_bottom\":\"medium\",\"margin_top\":\"medium\",\"maxwidth\":\"2xlarge\",\"text_align\":\"center\",\"text_style\":\"large\"}},{\"type\":\"divider\",\"props\":{\"divider_element\":\"hr\",\"margin_bottom\":\"large\",\"margin_top\":\"large\"}},{\"type\":\"grid\",\"props\":{\"content_align\":false,\"content_column_breakpoint\":\"m\",\"filter_align\":\"left\",\"filter_all\":true,\"filter_grid_breakpoint\":\"m\",\"filter_grid_width\":\"auto\",\"filter_position\":\"top\",\"filter_style\":\"tab\",\"grid_column_gap\":\"small\",\"grid_default\":\"1\",\"grid_medium\":\"4\",\"grid_row_gap\":\"small\",\"grid_small\":\"3\",\"image_align\":\"top\",\"image_grid_breakpoint\":\"m\",\"image_grid_width\":\"1-2\",\"image_svg_color\":\"emphasis\",\"image_transition\":\"scale-up\",\"item_animation\":true,\"lightbox_bg_close\":true,\"link_style\":\"default\",\"link_text\":\"\",\"margin_bottom\":\"default\",\"margin_top\":\"default\",\"meta_align\":\"below-title\",\"meta_element\":\"div\",\"meta_style\":\"text-meta\",\"panel_image_no_padding\":true,\"panel_link\":true,\"panel_padding\":\"small\",\"panel_style\":\"card-hover\",\"show_content\":true,\"show_hover_image\":true,\"show_hover_video\":true,\"show_image\":true,\"show_link\":true,\"show_meta\":true,\"show_title\":true,\"show_video\":true,\"title_align\":\"top\",\"title_decoration\":\"divider\",\"title_element\":\"h3\",\"title_grid_breakpoint\":\"m\",\"title_grid_width\":\"1-2\",\"title_hover_style\":\"heading\",\"title_style\":\"h5\"},\"children\":[{\"type\":\"grid_item\",\"props\":{\"content\":\"\n\n<p><span style=\\\"font-weight: 400;\\\">La forma pi\u00f9 pura della pietra naturale.<\/span><\/p>\n\n\",\"image\":\"wp-content\/uploads\/lastre.jpg\",\"link\":\"lastre-in-marmo\/\",\"title\":\"Lastre in marmo\"}},{\"type\":\"grid_item\",\"props\":{\"content\":\"\n\n<p>Moduli precisi utili per qualsiasi progetto.<\/p>\n\n\",\"image\":\"wp-content\/uploads\/marmette.jpg\",\"link\":\"marmette\/\",\"title\":\"Marmette da 10mm in marmo\"}},{\"type\":\"grid_item\",\"props\":{\"content\":\"\n\n<p>Elementi decorativi, assemblati a mano, in Italia, dai nostri artigiani.<\/p>\n\n\",\"image\":\"wp-content\/uploads\/mosaico.jpg\",\"link\":\"mosaici\/\",\"title\":\"Mosaici su rete in marmo\"}},{\"type\":\"grid_item\",\"props\":{\"content\":\"\n\n<p>Superfici che parlano e trasmettono la forza della natura in grandi e piccoli spazi.<\/p>\n\n\",\"image\":\"wp-content\/uploads\/scale.jpg\",\"link\":\"scale-pavimenti-e-rivestimenti-in-marmo\/\",\"title\":\"Scale, pavimenti e rivestimenti in marmo\"}},{\"type\":\"grid_item\",\"props\":{\"content\":\"\n\n<p>Eleganza senza tempo per una dichiarazione di stile chiara.<\/p>\n\n\",\"image\":\"wp-content\/uploads\/top.jpg\",\"link\":\"banconi-e-piani-cucina-in-marmo\/\",\"title\":\"Banconi e piani cucina in marmo\"}},{\"type\":\"grid_item\",\"props\":{\"content\":\"\n\n<p>Elementi di completamento, curati e rifiniti in perfetta armonia con l\u2019intero progetto.<\/p>\n\n\",\"image\":\"wp-content\/uploads\/zoccolino.jpg\",\"link\":\"zoccolini-bordure-davanzali-e-soglie-in-marmo\/\",\"title\":\"Zoccolini, bordure, davanzali e soglie in marmo\"}},{\"type\":\"grid_item\",\"props\":{\"content\":\"\n\n<p>Luce e pietra si fondono per dare forma a nuove emozioni.<\/p>\n\n\",\"image\":\"wp-content\/uploads\/night-day.jpg\",\"link\":\"lampade-in-marmo\/\",\"title\":\"Lampade di design in marmo \"}},{\"type\":\"grid_item\",\"props\":{\"content\":\"\n\n<p>Superfici scolpite che trasformano la materia in esperienza.<\/p>\n\n\",\"image\":\"wp-content\/uploads\/superfici-1.jpg\",\"link\":\"superfici-scolpite\/\",\"title\":\"Texture superfici \"}},{\"type\":\"grid_item\",\"props\":{\"content\":\"\n\n<p>Superfici sartoriali in legno e marmo: dove la memoria della natura incontra il design<\/p>\n\n\",\"image\":\"wp-content\/uploads\/wood-stone-intro.jpg\",\"link\":\"it\/wood-stone-collection\/\",\"title\":\"Pavimentazioni Wood Stone Collection \"}}]}]}],\"props\":{\"margin_bottom\":\"large\",\"margin_top\":\"large\",\"width\":\"large\"}}],\"name\":\"Team\"}],\"version\":\"5.0.22\"} --><\/p>\n","protected":false},"excerpt":{"rendered":"<p>Le nostre collezioni:\u00a0i classici, su misura Contattaci Forme essenziali, infinite possibilit\u00e0 Ogni progetto, anche il pi\u00f9 ambizioso, parte da elementi semplici.Lastre, marmette, mosaici, scale, piani cucina: sono i moduli compositivi da cui prende forma l\u2019architettura, il design, la visione.Ma c\u2019\u00e8 modo e modo di realizzarli. Parliamo di Collezioni perch\u00e9 il nostro laboratorio opera con un [&hellip;]<\/p>\n","protected":false},"author":1,"featured_media":0,"parent":0,"menu_order":0,"comment_status":"closed","ping_status":"closed","template":"","meta":{"footnotes":""},"class_list":["post-395","page","type-page","status-publish","hentry"],"_links":{"self":[{"href":"https:\/\/www.domosdesign.com\/it\/wp-json\/wp\/v2\/pages\/395","targetHints":{"allow":["GET"]}}],"collection":[{"href":"https:\/\/www.domosdesign.com\/it\/wp-json\/wp\/v2\/pages"}],"about":[{"href":"https:\/\/www.domosdesign.com\/it\/wp-json\/wp\/v2\/types\/page"}],"author":[{"embeddable":true,"href":"https:\/\/www.domosdesign.com\/it\/wp-json\/wp\/v2\/users\/1"}],"replies":[{"embeddable":true,"href":"https:\/\/www.domosdesign.com\/it\/wp-json\/wp\/v2\/comments?post=395"}],"version-history":[{"count":18,"href":"https:\/\/www.domosdesign.com\/it\/wp-json\/wp\/v2\/pages\/395\/revisions"}],"predecessor-version":[{"id":1337,"href":"https:\/\/www.domosdesign.com\/it\/wp-json\/wp\/v2\/pages\/395\/revisions\/1337"}],"wp:attachment":[{"href":"https:\/\/www.domosdesign.com\/it\/wp-json\/wp\/v2\/media?parent=395"}],"curies":[{"name":"wp","href":"https:\/\/api.w.org\/{rel}","templated":true}]}}