{"id":164,"date":"2025-07-14T17:24:21","date_gmt":"2025-07-14T15:24:21","guid":{"rendered":"https:\/\/www.domosdesign.com\/?page_id=164"},"modified":"2025-07-14T17:41:38","modified_gmt":"2025-07-14T15:41:38","slug":"showroom-2","status":"publish","type":"page","link":"https:\/\/www.domosdesign.com\/it\/showroom-2\/","title":{"rendered":"Showroom"},"content":{"rendered":"<div>Il nostro showroom di pietre naturali<\/div>\n<h1>Il nostro showroom: dove le persone si innamorano della pietra naturale<\/h1>\n<p><img decoding=\"async\" src=\"\/wp-content\/uploads\/showroom-01.jpg\" alt=\"\"><\/p>\n<div>\n<p>Lo spazio espositivo si trova al piano terra dei nostri uffici in provincia di Verona: un ambiente ricco di stimoli, pensato per accogliere chi progetta con attenzione e curiosit\u00e0.<br \/>Qui puoi <strong>scegliere il materiale giusto per il tuo progetto<\/strong> e capirlo davvero: vederlo da vicino, toccarlo, confrontarlo, accostarlo ad altri materiali.<br \/>Puoi osservare da vicino <strong>come cambia una pietra a seconda della finitura<\/strong> e valutare l\u2019effetto reale, estetico e funzionale, della lavorazione.<\/p>\n<p>\u00c8 uno spazio in cui <strong>lasciarsi ispirare,<\/strong> e iniziare a costruire, insieme, qualcosa di unico.<\/p>\n<p>Qui mostriamo <strong>pietre naturali provenienti dall\u2019Italia e dal mondo,<\/strong> tutte lavorate internamente nel nostro laboratorio.<br \/>Sono esposte in diverse applicazioni e finiture, cos\u00ec che tu, architetto, designer, progettista, possa valutare l\u2019effetto visivo e materico del materiale nel suo stato reale.<br \/>E, se lo desideri, <strong>puoi portare con te il tuo cliente:<\/strong> \u00e8 uno spazio pensato anche per questo.<br \/>Per condividere idee, scegliere insieme, e innamorarsi della pietra.<\/p>\n<\/div>\n<h2>\n<p>Cosa troverai nel nostro showroom<\/p>\n<\/h2>\n<ul>\n<li>\n<h4>Una selezione di materiali naturali <\/h4>\n<div>\n<p>provenienti da cave italiane e internazionali.<\/p>\n<\/div>\n<\/li>\n<li>\n<h4>Lavorati finiti <\/h4>\n<div>\n<p>che mostrano le potenzialit\u00e0 applicative di ogni pietra.<\/p>\n<\/div>\n<\/li>\n<li>\n<h4>Superfici a confronto<\/h4>\n<div>\n<p>per valutare da vicino le differenze tra finiture: lucido, spazzolato, levigato, bocciardato e altro.<\/p>\n<\/div>\n<\/li>\n<li>\n<h4>Esempi concreti<\/h4>\n<div>\n<p>che ti aiutano a comprendere non solo l\u2019estetica, ma anche la funzionalit\u00e0 di ogni lavorazione.<\/p>\n<\/div>\n<\/li>\n<\/ul>\n<div>\n<p>Uno spazio pensato per trasmettere l\u2019autenticit\u00e0 della materia, senza filtri. Perch\u00e9 <strong>solo conoscendo davvero la pietra, si pu\u00f2 decidere come usarla.<\/strong><\/p>\n<\/div>\n<p><p>\n        <a href=\"#footer\">Fissa un appuntamento<\/a>\n    <\/p>\n<\/p>\n<ul>\n<li>\n<p>        <img decoding=\"async\" src=\"\/wp-content\/uploads\/showroom-intro.jpg\" alt=\"\"><\/p>\n<h3>showroom-intro<\/h3>\n<\/li>\n<li>\n<p>        <img decoding=\"async\" src=\"\/wp-content\/uploads\/showroom-04.jpg\" alt=\"\"><\/p>\n<h3>showroom-04<\/h3>\n<\/li>\n<li>\n<p>        <img decoding=\"async\" src=\"\/wp-content\/uploads\/showroom-03.jpg\" alt=\"\"><\/p>\n<h3>showroom-03<\/h3>\n<\/li>\n<li>\n<p>        <img decoding=\"async\" src=\"\/wp-content\/uploads\/showroom-02.jpg\" alt=\"\"><\/p>\n<h3>showroom-02<\/h3>\n<\/li>\n<\/ul>\n<h2>Cosa puoi fare nel nostro showroom<\/h2>\n<ul>\n<li>\n<h4>Portare la tua moodboard<\/h4>\n<div>e vedere come dialoga con il materiale reale.<\/div>\n<\/li>\n<li>\n<h4>Coinvolgere il tuo cliente<\/h4>\n<div>in un\u2019esperienza immersiva, dove ogni scelta si fa condivisa.<\/div>\n<\/li>\n<li>\n<h4>Esplorare combinazioni<\/h4>\n<div>testare accostamenti, confrontare superfici.<\/div>\n<\/li>\n<li>\n<h4>Parlare con i nostri tecnici<\/h4>\n<div>ricevere supporto e consulenza sulle scelte progettuali.<\/div>\n<\/li>\n<li>\n<h4>Lasciarti ispirare da esempi concreti<\/h4>\n<div>di applicazioni e soluzioni su misura<\/div>\n<\/li>\n<\/ul>\n<div>\n<p>Qui non sei un visitatore: sei parte attiva del processo creativo.<\/p>\n<p><strong>Solo quando ci si innamora del materiale, il progetto inizia davvero. <\/strong><\/p>\n<p>Lo showroom \u00e8 aperto su appuntamento, per garantirti tempo, attenzione e un\u2019esperienza dedicata.<\/p>\n<\/div>\n<p><p>\n        <a href=\"#footer\">Prenota la tua visita<\/a>\n    <\/p>\n<\/p>\n<p><!--more--><br \/>\n<!-- {\"type\":\"layout\",\"children\":[{\"name\":\"Hero\",\"type\":\"section\",\"props\":{\"animation\":\"fade\",\"animation_delay\":\"100\",\"image_position\":\"center-center\",\"padding\":\"large\",\"padding_remove_top\":true,\"style\":\"default\",\"title_breakpoint\":\"xl\",\"title_position\":\"top-left\",\"title_rotation\":\"left\",\"vertical_align\":\"\",\"width\":\"expand\",\"width_expand\":\"right\"},\"children\":[{\"type\":\"row\",\"children\":[{\"type\":\"column\",\"props\":{\"css\":\"@media (min-width: 960px) {\\n    .el-column .uk-tile { padding-left: 0; }\\n}\",\"image_position\":\"center-center\",\"padding\":\"small\",\"position_sticky_breakpoint\":\"m\",\"style\":\"tile-default\",\"vertical_align\":\"middle\",\"width_medium\":\"1-3\"},\"children\":[{\"type\":\"headline\",\"props\":{\"content\":\"Il nostro showroom di pietre naturali\",\"text_align\":\"left\",\"text_align_breakpoint\":\"m\",\"text_align_fallback\":\"center\",\"title_color\":\"primary\",\"title_element\":\"div\",\"title_style\":\"h6\"}},{\"type\":\"headline\",\"props\":{\"content\":\"Il nostro showroom: dove le persone si innamorano della pietra naturale\",\"margin\":\"remove-vertical\",\"maxwidth\":\"large\",\"maxwidth_breakpoint\":\"m\",\"text_align\":\"left\",\"text_align_breakpoint\":\"m\",\"text_align_fallback\":\"center\",\"title_element\":\"h1\"}}]},{\"type\":\"column\",\"props\":{\"image_position\":\"center-center\",\"position_sticky_breakpoint\":\"m\",\"width_medium\":\"2-3\"},\"children\":[{\"type\":\"image\",\"props\":{\"animation\":\"slide-right\",\"container_padding_remove\":true,\"css\":\"@media (max-width: 959px) {\\n    \\n    .el-element.uk-container-item-padding-remove-right {\\n        width: 100%;\\n        margin-right: 0;\\n    }\\n    \\n}\",\"image\":\"wp-content\\\/uploads\\\/showroom-01.jpg\",\"image_loading\":true,\"image_svg_color\":\"emphasis\",\"image_width\":\"1300\",\"margin\":\"default\",\"margin_remove_top\":true,\"position\":\"relative\",\"position_z_index\":\"1\",\"text_align\":\"right\"}}]}],\"props\":{\"column_gap\":\"collapse\",\"layout\":\"1-3,2-3\",\"row_gap\":\"collapse\",\"width\":\"large\",\"width_expand\":\"right\"}}]},{\"type\":\"section\",\"props\":{\"animation\":\"fade\",\"animation_delay\":\"100\",\"image_position\":\"center-center\",\"padding\":\"large\",\"padding_remove_top\":true,\"style\":\"default\",\"title_breakpoint\":\"xl\",\"title_position\":\"top-left\",\"title_rotation\":\"left\",\"vertical_align\":\"\",\"width\":\"\"},\"children\":[{\"type\":\"row\",\"children\":[{\"type\":\"column\",\"props\":{\"image_position\":\"center-center\",\"position_sticky_breakpoint\":\"m\"},\"children\":[{\"type\":\"text\",\"props\":{\"block_align\":\"center\",\"column_breakpoint\":\"m\",\"content\":\"\n\n<p>Lo spazio espositivo si trova al piano terra dei nostri uffici in provincia di Verona: un ambiente ricco di stimoli, pensato per accogliere chi progetta con attenzione e curiosit\\u00e0.<br \\\/>Qui puoi <strong>scegliere il materiale giusto per il tuo progetto<\\\/strong> e capirlo davvero: vederlo da vicino, toccarlo, confrontarlo, accostarlo ad altri materiali.<br \\\/>Puoi osservare da vicino <strong>come cambia una pietra a seconda della finitura<\\\/strong> e valutare l\\u2019effetto reale, estetico e funzionale, della lavorazione.<\\\/p>\\n\n\n<p>\\u00c8 uno spazio in cui <strong>lasciarsi ispirare,<\\\/strong> e iniziare a costruire, insieme, qualcosa di unico.<\\\/p>\\n\n\n<p>Qui mostriamo <strong>pietre naturali provenienti dall\\u2019Italia e dal mondo,<\\\/strong> tutte lavorate internamente nel nostro laboratorio.<br \\\/>Sono esposte in diverse applicazioni e finiture, cos\\u00ec che tu, architetto, designer, progettista, possa valutare l\\u2019effetto visivo e materico del materiale nel suo stato reale.<br \\\/>E, se lo desideri, <strong>puoi portare con te il tuo cliente:<\\\/strong> \\u00e8 uno spazio pensato anche per questo.<br \\\/>Per condividere idee, scegliere insieme, e innamorarsi della pietra.<\\\/p>\",\"margin\":\"medium\",\"maxwidth\":\"2xlarge\",\"text_align\":\"center\"}}]}],\"props\":{\"margin\":\"remove-vertical\",\"width\":\"large\"}}],\"name\":\"Team\"},{\"type\":\"section\",\"props\":{\"image_position\":\"center-center\",\"padding\":\"large\",\"padding_remove_top\":true,\"style\":\"default\",\"title_breakpoint\":\"xl\",\"title_position\":\"top-left\",\"title_rotation\":\"left\",\"vertical_align\":\"\",\"width\":\"expand\"},\"children\":[{\"type\":\"row\",\"children\":[{\"type\":\"column\",\"props\":{\"image_position\":\"center-center\",\"position_sticky_breakpoint\":\"m\",\"width_medium\":\"1-3\"},\"children\":[{\"type\":\"headline\",\"props\":{\"content\":\"\n\n<p>Cosa troverai nel nostro showroom<\\\/p>\",\"margin\":\"remove-vertical\",\"text_align\":\"left\",\"text_align_breakpoint\":\"m\",\"text_align_fallback\":\"center\",\"title_element\":\"h2\"}}]},{\"type\":\"column\",\"props\":{\"image_position\":\"center-center\",\"position_sticky_breakpoint\":\"m\",\"width_medium\":\"2-3\"},\"children\":[{\"type\":\"grid\",\"props\":{\"content_column_breakpoint\":\"m\",\"content_margin\":\"small\",\"filter_align\":\"left\",\"filter_all\":true,\"filter_grid_breakpoint\":\"m\",\"filter_grid_width\":\"auto\",\"filter_position\":\"top\",\"filter_style\":\"tab\",\"grid_default\":\"1\",\"grid_medium\":\"2\",\"icon_width\":80,\"image_align\":\"left\",\"image_grid_breakpoint\":\"s\",\"image_grid_column_gap\":\"medium\",\"image_grid_row_gap\":\"small\",\"image_grid_width\":\"auto\",\"image_height\":\"36\",\"image_svg_color\":\"emphasis\",\"image_svg_inline\":true,\"image_width\":\"36\",\"item_animation\":true,\"lightbox_bg_close\":true,\"link_style\":\"default\",\"link_text\":\"Read more\",\"margin\":\"large\",\"margin_remove_top\":false,\"meta_align\":\"below-title\",\"meta_element\":\"div\",\"meta_style\":\"text-meta\",\"parallax_easing\":\"1\",\"position\":\"relative\",\"position_z_index\":\"1\",\"show_content\":true,\"show_hover_image\":true,\"show_hover_video\":true,\"show_image\":true,\"show_link\":true,\"show_meta\":true,\"show_title\":true,\"show_video\":true,\"text_align\":\"left\",\"text_align_fallback\":\"center\",\"title_align\":\"top\",\"title_color\":\"primary\",\"title_element\":\"h4\",\"title_grid_breakpoint\":\"m\",\"title_grid_width\":\"1-4\",\"title_hover_style\":\"reset\"},\"children\":[{\"type\":\"grid_item\",\"props\":{\"content\":\"\n\n<p>provenienti da cave italiane e internazionali.<\\\/p>\",\"title\":\"Una selezione di materiali naturali \"}},{\"type\":\"grid_item\",\"props\":{\"content\":\"\n\n<p>che mostrano le potenzialit\\u00e0 applicative di ogni pietra.<\\\/p>\",\"title\":\"Lavorati finiti \"}},{\"type\":\"grid_item\",\"props\":{\"content\":\"\n\n<p>per valutare da vicino le differenze tra finiture: lucido, spazzolato, levigato, bocciardato e altro.<\\\/p>\",\"title\":\"Superfici a confronto\"}},{\"type\":\"grid_item\",\"props\":{\"content\":\"\n\n<p>che ti aiutano a comprendere non solo l\\u2019estetica, ma anche la funzionalit\\u00e0 di ogni lavorazione.<\\\/p>\",\"title\":\"Esempi concreti\"}}]},{\"type\":\"text\",\"props\":{\"block_align_breakpoint\":\"m\",\"block_align_fallback\":\"center\",\"column_breakpoint\":\"m\",\"content\":\"\n\n<p>Uno spazio pensato per trasmettere l\\u2019autenticit\\u00e0 della materia, senza filtri. Perch\\u00e9 <strong>solo conoscendo davvero la pietra, si pu\\u00f2 decidere come usarla.<\\\/strong><\\\/p>\",\"margin\":\"medium\",\"maxwidth\":\"2xlarge\",\"text_align\":\"left\",\"text_align_breakpoint\":\"m\",\"text_align_fallback\":\"center\"}},{\"type\":\"button\",\"props\":{\"grid_column_gap\":\"small\",\"grid_row_gap\":\"small\",\"margin\":\"default\",\"text_align\":\"center\"},\"children\":[{\"type\":\"button_item\",\"props\":{\"button_style\":\"primary\",\"content\":\"Fissa un appuntamento\",\"dialog_layout\":\"modal\",\"dialog_offcanvas_flip\":true,\"icon_align\":\"left\",\"link\":\"#footer\"}}]}]}],\"props\":{\"column_gap\":\"large\",\"layout\":\"1-3,2-3\",\"row_gap\":\"large\",\"width\":\"large\"}}],\"name\":\"Benefits\"},{\"type\":\"section\",\"props\":{\"animation\":\"fade\",\"animation_delay\":\"100\",\"image_position\":\"center-center\",\"padding\":\"large\",\"padding_remove_top\":true,\"style\":\"default\",\"title_breakpoint\":\"xl\",\"title_position\":\"top-left\",\"title_rotation\":\"left\",\"vertical_align\":\"\",\"width\":\"\"},\"children\":[{\"type\":\"row\",\"children\":[{\"type\":\"column\",\"props\":{\"image_position\":\"center-center\",\"position_sticky_breakpoint\":\"m\"},\"children\":[{\"type\":\"gallery\",\"props\":{\"filter_align\":\"left\",\"filter_all\":true,\"filter_grid_breakpoint\":\"m\",\"filter_grid_width\":\"auto\",\"filter_position\":\"top\",\"filter_style\":\"tab\",\"grid_column_gap\":\"small\",\"grid_default\":\"1\",\"grid_medium\":\"2\",\"grid_row_gap\":\"small\",\"item_animation\":true,\"lightbox\":true,\"lightbox_bg_close\":true,\"link_style\":\"default\",\"link_text\":\"Zoom +\",\"margin\":\"default\",\"meta_align\":\"below-title\",\"meta_element\":\"div\",\"meta_style\":\"text-meta\",\"overlay_hover\":true,\"overlay_mode\":\"cover\",\"overlay_position\":\"center\",\"overlay_style\":\"overlay-primary\",\"overlay_transition\":\"fade\",\"show_content\":false,\"show_hover_image\":true,\"show_hover_video\":true,\"show_link\":true,\"show_meta\":false,\"show_title\":false,\"text_align\":\"center\",\"text_color\":\"light\",\"title_element\":\"h3\",\"title_hover_style\":\"reset\"},\"children\":[{\"type\":\"gallery_item\",\"props\":{\"image\":\"wp-content\\\/uploads\\\/showroom-intro.jpg\",\"title\":\"showroom-intro\"}},{\"type\":\"gallery_item\",\"props\":{\"image\":\"wp-content\\\/uploads\\\/showroom-04.jpg\",\"title\":\"showroom-04\"}},{\"type\":\"gallery_item\",\"props\":{\"image\":\"wp-content\\\/uploads\\\/showroom-03.jpg\",\"title\":\"showroom-03\"}},{\"type\":\"gallery_item\",\"props\":{\"image\":\"wp-content\\\/uploads\\\/showroom-02.jpg\",\"title\":\"showroom-02\"}}]}]}],\"props\":{\"margin\":\"remove-vertical\",\"width\":\"large\"}}],\"name\":\"Team\"},{\"type\":\"section\",\"props\":{\"image_position\":\"center-center\",\"padding\":\"large\",\"padding_remove_top\":true,\"style\":\"default\",\"title_breakpoint\":\"xl\",\"title_position\":\"top-left\",\"title_rotation\":\"left\",\"vertical_align\":\"\",\"width\":\"expand\"},\"children\":[{\"type\":\"row\",\"children\":[{\"type\":\"column\",\"props\":{\"image_position\":\"center-center\",\"position_sticky_breakpoint\":\"m\",\"width_medium\":\"1-3\"},\"children\":[{\"type\":\"headline\",\"props\":{\"content\":\"Cosa puoi fare nel nostro showroom\",\"margin\":\"remove-vertical\",\"text_align\":\"left\",\"text_align_breakpoint\":\"m\",\"text_align_fallback\":\"center\",\"title_element\":\"h2\"}}]},{\"type\":\"column\",\"props\":{\"image_position\":\"center-center\",\"position_sticky_breakpoint\":\"m\",\"width_medium\":\"2-3\"},\"children\":[{\"type\":\"grid\",\"props\":{\"content_column_breakpoint\":\"m\",\"content_margin\":\"small\",\"filter_align\":\"left\",\"filter_all\":true,\"filter_grid_breakpoint\":\"m\",\"filter_grid_width\":\"auto\",\"filter_position\":\"top\",\"filter_style\":\"tab\",\"grid_default\":\"1\",\"grid_medium\":\"2\",\"icon_width\":80,\"image_align\":\"left\",\"image_grid_breakpoint\":\"s\",\"image_grid_column_gap\":\"medium\",\"image_grid_row_gap\":\"small\",\"image_grid_width\":\"auto\",\"image_height\":\"36\",\"image_svg_color\":\"emphasis\",\"image_svg_inline\":true,\"image_width\":\"36\",\"item_animation\":true,\"lightbox_bg_close\":true,\"link_style\":\"default\",\"link_text\":\"Read more\",\"margin\":\"large\",\"margin_remove_top\":false,\"meta_align\":\"below-title\",\"meta_element\":\"div\",\"meta_style\":\"text-meta\",\"parallax_easing\":\"1\",\"position\":\"relative\",\"position_z_index\":\"1\",\"show_content\":true,\"show_hover_image\":true,\"show_hover_video\":true,\"show_image\":true,\"show_link\":true,\"show_meta\":true,\"show_title\":true,\"show_video\":true,\"text_align\":\"left\",\"text_align_fallback\":\"center\",\"title_align\":\"top\",\"title_color\":\"primary\",\"title_element\":\"h4\",\"title_grid_breakpoint\":\"m\",\"title_grid_width\":\"1-4\",\"title_hover_style\":\"reset\"},\"children\":[{\"type\":\"grid_item\",\"props\":{\"content\":\"e vedere come dialoga con il materiale reale.\",\"title\":\"Portare la tua moodboard\"}},{\"type\":\"grid_item\",\"props\":{\"content\":\"in un\\u2019esperienza immersiva, dove ogni scelta si fa condivisa.\",\"title\":\"Coinvolgere il tuo cliente\"}},{\"type\":\"grid_item\",\"props\":{\"content\":\"testare accostamenti, confrontare superfici.\",\"title\":\"Esplorare combinazioni\"}},{\"type\":\"grid_item\",\"props\":{\"content\":\"ricevere supporto e consulenza sulle scelte progettuali.\",\"title\":\"Parlare con i nostri tecnici\"}},{\"type\":\"grid_item\",\"props\":{\"content\":\"di applicazioni e soluzioni su misura\",\"title\":\"Lasciarti ispirare da esempi concreti\"}}]}]}],\"props\":{\"column_gap\":\"large\",\"layout\":\"1-3,2-3\",\"row_gap\":\"large\",\"width\":\"large\"}}],\"name\":\"Benefits\"},{\"type\":\"section\",\"props\":{\"image_position\":\"center-center\",\"padding\":\"large\",\"padding_remove_top\":true,\"style\":\"default\",\"title_breakpoint\":\"xl\",\"title_position\":\"top-left\",\"title_rotation\":\"left\",\"vertical_align\":\"\",\"width\":\"\"},\"children\":[{\"type\":\"row\",\"children\":[{\"type\":\"column\",\"props\":{\"image_position\":\"center-center\",\"position_sticky_breakpoint\":\"m\"},\"children\":[{\"type\":\"text\",\"props\":{\"block_align\":\"center\",\"column_breakpoint\":\"m\",\"content\":\"\n\n<p>Qui non sei un visitatore: sei parte attiva del processo creativo.<\\\/p>\\n\n\n<p><strong>Solo quando ci si innamora del materiale, il progetto inizia davvero. <\\\/strong><\\\/p>\\n\n\n<p>Lo showroom \\u00e8 aperto su appuntamento, per garantirti tempo, attenzione e un\\u2019esperienza dedicata.<\\\/p>\",\"margin\":\"medium\",\"maxwidth\":\"2xlarge\",\"text_align\":\"center\",\"text_style\":\"large\"}},{\"type\":\"button\",\"props\":{\"grid_column_gap\":\"small\",\"grid_row_gap\":\"small\",\"margin\":\"default\",\"text_align\":\"center\"},\"children\":[{\"type\":\"button_item\",\"props\":{\"button_style\":\"primary\",\"content\":\"Prenota la tua visita\",\"dialog_layout\":\"modal\",\"dialog_offcanvas_flip\":true,\"icon_align\":\"left\",\"link\":\"#footer\"}}]}]}],\"props\":{\"margin\":\"remove-vertical\",\"width\":\"large\"}}],\"name\":\"Team\"}],\"version\":\"4.5.23\"} --><\/p>\n","protected":false},"excerpt":{"rendered":"<p>Il nostro showroom di pietre naturali Il nostro showroom: dove le persone si innamorano della pietra naturale Lo spazio espositivo si trova al piano terra dei nostri uffici in provincia di Verona: un ambiente ricco di stimoli, pensato per accogliere chi progetta con attenzione e curiosit\u00e0.Qui puoi scegliere il materiale giusto per il tuo progetto [&hellip;]<\/p>\n","protected":false},"author":1,"featured_media":0,"parent":0,"menu_order":0,"comment_status":"closed","ping_status":"closed","template":"","meta":{"footnotes":""},"class_list":["post-164","page","type-page","status-publish","hentry"],"_links":{"self":[{"href":"https:\/\/www.domosdesign.com\/it\/wp-json\/wp\/v2\/pages\/164","targetHints":{"allow":["GET"]}}],"collection":[{"href":"https:\/\/www.domosdesign.com\/it\/wp-json\/wp\/v2\/pages"}],"about":[{"href":"https:\/\/www.domosdesign.com\/it\/wp-json\/wp\/v2\/types\/page"}],"author":[{"embeddable":true,"href":"https:\/\/www.domosdesign.com\/it\/wp-json\/wp\/v2\/users\/1"}],"replies":[{"embeddable":true,"href":"https:\/\/www.domosdesign.com\/it\/wp-json\/wp\/v2\/comments?post=164"}],"version-history":[{"count":8,"href":"https:\/\/www.domosdesign.com\/it\/wp-json\/wp\/v2\/pages\/164\/revisions"}],"predecessor-version":[{"id":178,"href":"https:\/\/www.domosdesign.com\/it\/wp-json\/wp\/v2\/pages\/164\/revisions\/178"}],"wp:attachment":[{"href":"https:\/\/www.domosdesign.com\/it\/wp-json\/wp\/v2\/media?parent=164"}],"curies":[{"name":"wp","href":"https:\/\/api.w.org\/{rel}","templated":true}]}}